{"id":3820,"date":"2022-06-14T12:02:12","date_gmt":"2022-06-14T12:02:12","guid":{"rendered":"https:\/\/alboris-mancha.com\/tienda\/uncategorized\/aceite-de-oliva-virgen-extra-ecologico-variedad-imperial-500-ml\/"},"modified":"2024-02-05T11:12:15","modified_gmt":"2024-02-05T11:12:15","slug":"organic-evoo-imperial-500-ml","status":"publish","type":"product","link":"https:\/\/alboris-mancha.com\/en\/shop\/organic-extra-virgin-olive-oil\/organic-evoo-imperial-500-ml\/","title":{"rendered":"Organic EVOO Imperial (500 ml)"},"content":{"rendered":"","protected":false},"excerpt":{"rendered":"<ul>\n<li><strong>Certified Organic Production.<\/strong><\/li>\n<li><strong>Imperial variety.<\/strong><\/li>\n<li><strong>50cl bottle.<\/strong><\/li>\n<\/ul>\n<p><strong>Production zone:<\/strong> Toledo and Ciudad Real (Spain).<\/p>\n<p><strong>Tasting notes (ES):<\/strong><\/p>\n<p><strong>Vista:<\/strong> Verdoso con matices amarillentos.<\/p>\n<p><strong>Nariz:<\/strong> Aromas que dejan entrever el car\u00e1cter del fruto de oliva verde, aromas que recuerdan a la hierba reci\u00e9n cortada, as\u00ed como frutas y frutos secos sin madurar. Un aroma final, que deja paso a un matiz mentolado.<\/p>\n<p><strong>Boca:<\/strong> Muy fresco y equilibrado entre toques picantes con el dulzor sugerido de las frutas en nariz. Un sabor final a oliva verde.<\/p>\n<p><strong>Maridaje:<\/strong> Este reconocido aceite de oliva virgen extra es digno de probarse con los platos y aperitivos de mayor calidad para hacer de su maridaje algo exquisito.<br \/>\nDos aperitivos que pueden acompa\u00f1arse con este aceite son todos los ib\u00e9ricos; desde un buen jam\u00f3n ib\u00e9rico de bellota hasta el mejor lomo ib\u00e9rico.\u00a0 Adem\u00e1s de aquellos que se elaboren con foie gras. Con un peque\u00f1o hilo de aceite ya es suficiente para convertirlos en aperitivos supremos. Puede ali\u00f1ar tambi\u00e9n entrantes como ensaladas de tomate con mozzarella, esp\u00e1rragos e incluso un buen queso manchego crudo. Si se desea en platos calientes, acompa\u00f1ar en los pescados, revueltos de setas y cualquier verdura cocida, le aportar\u00e1n un toque final excelente.<\/p>\n","protected":false},"featured_media":3821,"comment_status":"open","ping_status":"closed","template":"","meta":{"_acf_changed":false,"_seopress_robots_primary_cat":"none","_seopress_titles_title":"","_seopress_titles_desc":"","_seopress_robots_index":"","inline_featured_image":false,"_genesis_hide_title":false,"_genesis_hide_breadcrumbs":false,"_genesis_hide_singular_image":false,"_genesis_hide_footer_widgets":false,"_genesis_custom_body_class":"","_genesis_custom_post_class":"","_genesis_layout":"content-sidebar"},"product_brand":[],"product_cat":[44],"product_tag":[76,46,77,63,50,52,91,56,57,79],"class_list":{"0":"post-3820","1":"product","2":"type-product","3":"status-publish","4":"has-post-thumbnail","6":"product_cat-organic-extra-virgin-olive-oil","7":"product_tag-aceite-de-oliva","8":"product_tag-alimentacion-saludable","9":"product_tag-aove","10":"product_tag-cata","11":"product_tag-ecologico","12":"product_tag-gourmet","13":"product_tag-imperial","14":"product_tag-maridaje","15":"product_tag-organico","16":"product_tag-virgen-extra","17":"product_shipping_class-precio-fijo-de-envio","18":"entry","20":"first","21":"instock","22":"featured","23":"taxable","24":"shipping-taxable","25":"purchasable","26":"product-type-simple"},"acf":[],"_links":{"self":[{"href":"https:\/\/alboris-mancha.com\/en\/wp-json\/wp\/v2\/product\/3820","targetHints":{"allow":["GET"]}}],"collection":[{"href":"https:\/\/alboris-mancha.com\/en\/wp-json\/wp\/v2\/product"}],"about":[{"href":"https:\/\/alboris-mancha.com\/en\/wp-json\/wp\/v2\/types\/product"}],"replies":[{"embeddable":true,"href":"https:\/\/alboris-mancha.com\/en\/wp-json\/wp\/v2\/comments?post=3820"}],"wp:featuredmedia":[{"embeddable":true,"href":"https:\/\/alboris-mancha.com\/en\/wp-json\/wp\/v2\/media\/3821"}],"wp:attachment":[{"href":"https:\/\/alboris-mancha.com\/en\/wp-json\/wp\/v2\/media?parent=3820"}],"wp:term":[{"taxonomy":"product_brand","embeddable":true,"href":"https:\/\/alboris-mancha.com\/en\/wp-json\/wp\/v2\/product_brand?post=3820"},{"taxonomy":"product_cat","embeddable":true,"href":"https:\/\/alboris-mancha.com\/en\/wp-json\/wp\/v2\/product_cat?post=3820"},{"taxonomy":"product_tag","embeddable":true,"href":"https:\/\/alboris-mancha.com\/en\/wp-json\/wp\/v2\/product_tag?post=3820"}],"curies":[{"name":"wp","href":"https:\/\/api.w.org\/{rel}","templated":true}]}}